{"id":1001,"date":"2021-05-12T17:46:58","date_gmt":"2021-05-12T10:46:58","guid":{"rendered":"https:\/\/pmfsteel.webmau.idn.vn\/?page_id=1001"},"modified":"2025-11-24T16:52:37","modified_gmt":"2025-11-24T09:52:37","slug":"domestic-partner","status":"publish","type":"page","link":"https:\/\/pmfsteel.com.vn\/en\/domestic-partner\/","title":{"rendered":"Domestic partner"},"content":{"rendered":"\n\t<section class=\"section wsu-section wsu-banner-image\" id=\"section_955134395\">\n\t\t<div class=\"section-bg fill\" >\n\t\t\t\t\t\t\t\t\t\n\t\t\t\n\n\t\t<\/div>\n\n\t\t\n\n\t\t<div class=\"section-content relative\">\n\t\t\t\n\t<div class=\"img has-hover x md-x lg-x y md-y lg-y\" id=\"image_1117805387\">\n\t\t\t\t\t\t\t\t<div class=\"img-inner dark\" >\n\t\t\t<img loading=\"lazy\" decoding=\"async\" width=\"1920\" height=\"646\" src=\"https:\/\/pmfsteel.com.vn\/wp-content\/uploads\/banner-doitac.jpg\" class=\"attachment-original size-original\" alt=\"\" srcset=\"https:\/\/pmfsteel.com.vn\/wp-content\/uploads\/banner-doitac.jpg 1920w, https:\/\/pmfsteel.com.vn\/wp-content\/uploads\/banner-doitac-650x219.jpg 650w, https:\/\/pmfsteel.com.vn\/wp-content\/uploads\/banner-doitac-800x269.jpg 800w, https:\/\/pmfsteel.com.vn\/wp-content\/uploads\/banner-doitac-768x258.jpg 768w, https:\/\/pmfsteel.com.vn\/wp-content\/uploads\/banner-doitac-1536x517.jpg 1536w\" sizes=\"auto, (max-width: 1920px) 100vw, 1920px\" \/>\t\t\t\t\t\t\n\t\t\t\t\t<\/div>\n\t\t\t\t\t\t\t\t\n<style>\n#image_1117805387 {\n  width: 100%;\n}\n<\/style>\n\t<\/div>\n\t\n\t\t<\/div>\n\n\t\t\n<style>\n#section_955134395 {\n  padding-top: 0px;\n  padding-bottom: 0px;\n}\n<\/style>\n\t<\/section>\n\t\n\n\t<section class=\"section wsu-section wsu-doitac-page\" id=\"section_444676487\">\n\t\t<div class=\"section-bg fill\" >\n\t\t\t\t\t\t\t\t\t\n\t\t\t\n\n\t\t<\/div>\n\n\t\t\n\n\t\t<div class=\"section-content relative\">\n\t\t\t\n<div class=\"container section-title-container title-main\" ><h1 class=\"section-title section-title-normal\"><b><\/b><span class=\"section-title-main\" >Domestic partner<\/span><b><\/b><\/h1><\/div>\n\n  \n    <div class=\"row wsu-gallery large-columns-5 medium-columns-3 small-columns-2\" >\n  <div class=\"gallery-col col\" data-animate=\"fadeInUp\">\n          <div class=\"col-inner\">\n            <a class=\"image-lightbox lightbox-gallery\" href=\"https:\/\/pmfsteel.com.vn\/wp-content\/uploads\/logo-doi-tac-formosa.jpg\" title=\"Formosa Ha Tinh Steel Corporation\">            <div class=\"box has-hover gallery-box box-none\">\n              <div class=\"box-image box-shadow-1\" >\n                <img loading=\"lazy\" decoding=\"async\" width=\"200\" height=\"130\" src=\"https:\/\/pmfsteel.com.vn\/wp-content\/uploads\/logo-doi-tac-formosa.jpg\" class=\"wsu-gallery\" alt=\"Formosa Ha Tinh Steel Corporation\" ids=\"349,361,359,345,356,358,363,346,360,743,357,350,347,362,352,353\" style=\"none\" lightbox_image_size=\"original\" columns=\"5\" depth=\"1\" animate=\"fadeInUp\" image_size=\"original\" text_padding=\"5px 5px 5px 5px\" \/>                                                              <\/div>\n              <div class=\"box-text text-left\" style=\"padding:5px 5px 5px 5px;\">\n                 <p>Formosa Ha Tinh Steel Corporation<\/p>\n              <\/div>\n            <\/div>\n            <\/a>          <\/div>\n         <\/div><div class=\"gallery-col col\" data-animate=\"fadeInUp\">\n          <div class=\"col-inner\">\n            <a class=\"image-lightbox lightbox-gallery\" href=\"https:\/\/pmfsteel.com.vn\/wp-content\/uploads\/logo-doi-tac-ton-viet-phap.jpg\" title=\"C\u00d4NG TY C\u1ed4 PH\u1ea6N T\u00d4N TH\u00c9P VI\u1ec6T PH\u00c1P\">            <div class=\"box has-hover gallery-box box-none\">\n              <div class=\"box-image box-shadow-1\" >\n                <img loading=\"lazy\" decoding=\"async\" width=\"200\" height=\"130\" src=\"https:\/\/pmfsteel.com.vn\/wp-content\/uploads\/logo-doi-tac-ton-viet-phap.jpg\" class=\"wsu-gallery\" alt=\"C\u00d4NG TY C\u1ed4 PH\u1ea6N T\u00d4N TH\u00c9P VI\u1ec6T PH\u00c1P\" ids=\"349,361,359,345,356,358,363,346,360,743,357,350,347,362,352,353\" style=\"none\" lightbox_image_size=\"original\" columns=\"5\" depth=\"1\" animate=\"fadeInUp\" image_size=\"original\" text_padding=\"5px 5px 5px 5px\" \/>                                                              <\/div>\n              <div class=\"box-text text-left\" style=\"padding:5px 5px 5px 5px;\">\n                 <p>C\u00d4NG TY C\u1ed4 PH\u1ea6N T\u00d4N TH\u00c9P VI\u1ec6T PH\u00c1P<\/p>\n              <\/div>\n            <\/div>\n            <\/a>          <\/div>\n         <\/div><div class=\"gallery-col col\" data-animate=\"fadeInUp\">\n          <div class=\"col-inner\">\n            <a class=\"image-lightbox lightbox-gallery\" href=\"https:\/\/pmfsteel.com.vn\/wp-content\/uploads\/logo-doi-tac-ton-phuong-nam.jpg\" title=\"C\u00d4NG TY T\u00d4N PH\u01af\u01a0NG NAM\">            <div class=\"box has-hover gallery-box box-none\">\n              <div class=\"box-image box-shadow-1\" >\n                <img loading=\"lazy\" decoding=\"async\" width=\"200\" height=\"130\" src=\"https:\/\/pmfsteel.com.vn\/wp-content\/uploads\/logo-doi-tac-ton-phuong-nam.jpg\" class=\"wsu-gallery\" alt=\"C\u00d4NG TY T\u00d4N PH\u01af\u01a0NG NAM\" ids=\"349,361,359,345,356,358,363,346,360,743,357,350,347,362,352,353\" style=\"none\" lightbox_image_size=\"original\" columns=\"5\" depth=\"1\" animate=\"fadeInUp\" image_size=\"original\" text_padding=\"5px 5px 5px 5px\" \/>                                                              <\/div>\n              <div class=\"box-text text-left\" style=\"padding:5px 5px 5px 5px;\">\n                 <p>C\u00d4NG TY T\u00d4N PH\u01af\u01a0NG NAM<\/p>\n              <\/div>\n            <\/div>\n            <\/a>          <\/div>\n         <\/div><div class=\"gallery-col col\" data-animate=\"fadeInUp\">\n          <div class=\"col-inner\">\n            <a class=\"image-lightbox lightbox-gallery\" href=\"https:\/\/pmfsteel.com.vn\/wp-content\/uploads\/logo-doi-tac-bluescope.jpg\" title=\"BlueScope Steel Vietnam\">            <div class=\"box has-hover gallery-box box-none\">\n              <div class=\"box-image box-shadow-1\" >\n                <img loading=\"lazy\" decoding=\"async\" width=\"200\" height=\"130\" src=\"https:\/\/pmfsteel.com.vn\/wp-content\/uploads\/logo-doi-tac-bluescope.jpg\" class=\"wsu-gallery\" alt=\"BlueScope Steel Vietnam\" ids=\"349,361,359,345,356,358,363,346,360,743,357,350,347,362,352,353\" style=\"none\" lightbox_image_size=\"original\" columns=\"5\" depth=\"1\" animate=\"fadeInUp\" image_size=\"original\" text_padding=\"5px 5px 5px 5px\" \/>                                                              <\/div>\n              <div class=\"box-text text-left\" style=\"padding:5px 5px 5px 5px;\">\n                 <p>BlueScope Steel Vietnam<\/p>\n              <\/div>\n            <\/div>\n            <\/a>          <\/div>\n         <\/div><div class=\"gallery-col col\" data-animate=\"fadeInUp\">\n          <div class=\"col-inner\">\n            <a class=\"image-lightbox lightbox-gallery\" href=\"https:\/\/pmfsteel.com.vn\/wp-content\/uploads\/logo-doi-tac-tap-doan-hoa-phat.jpg\" title=\"T\u1eacP \u0110O\u00c0N HO\u00c0 PH\u00c1T\">            <div class=\"box has-hover gallery-box box-none\">\n              <div class=\"box-image box-shadow-1\" >\n                <img loading=\"lazy\" decoding=\"async\" width=\"200\" height=\"130\" src=\"https:\/\/pmfsteel.com.vn\/wp-content\/uploads\/logo-doi-tac-tap-doan-hoa-phat.jpg\" class=\"wsu-gallery\" alt=\"T\u1eacP \u0110O\u00c0N HO\u00c0 PH\u00c1T\" ids=\"349,361,359,345,356,358,363,346,360,743,357,350,347,362,352,353\" style=\"none\" lightbox_image_size=\"original\" columns=\"5\" depth=\"1\" animate=\"fadeInUp\" image_size=\"original\" text_padding=\"5px 5px 5px 5px\" \/>                                                              <\/div>\n              <div class=\"box-text text-left\" style=\"padding:5px 5px 5px 5px;\">\n                 <p>T\u1eacP \u0110O\u00c0N HO\u00c0 PH\u00c1T<\/p>\n              <\/div>\n            <\/div>\n            <\/a>          <\/div>\n         <\/div><div class=\"gallery-col col\" data-animate=\"fadeInUp\">\n          <div class=\"col-inner\">\n            <a class=\"image-lightbox lightbox-gallery\" href=\"https:\/\/pmfsteel.com.vn\/wp-content\/uploads\/logo-doi-tac-ton-hoa-sen.jpg\" title=\"C\u00d4NG TY C\u1ed4 PH\u1ea6N T\u1eacP \u0110O\u00c0N HOA SEN\">            <div class=\"box has-hover gallery-box box-none\">\n              <div class=\"box-image box-shadow-1\" >\n                <img loading=\"lazy\" decoding=\"async\" width=\"200\" height=\"130\" src=\"https:\/\/pmfsteel.com.vn\/wp-content\/uploads\/logo-doi-tac-ton-hoa-sen.jpg\" class=\"wsu-gallery\" alt=\"C\u00d4NG TY C\u1ed4 PH\u1ea6N T\u1eacP \u0110O\u00c0N HOA SEN\" ids=\"349,361,359,345,356,358,363,346,360,743,357,350,347,362,352,353\" style=\"none\" lightbox_image_size=\"original\" columns=\"5\" depth=\"1\" animate=\"fadeInUp\" image_size=\"original\" text_padding=\"5px 5px 5px 5px\" \/>                                                              <\/div>\n              <div class=\"box-text text-left\" style=\"padding:5px 5px 5px 5px;\">\n                 <p>C\u00d4NG TY C\u1ed4 PH\u1ea6N T\u1eacP \u0110O\u00c0N HOA SEN<\/p>\n              <\/div>\n            <\/div>\n            <\/a>          <\/div>\n         <\/div><div class=\"gallery-col col\" data-animate=\"fadeInUp\">\n          <div class=\"col-inner\">\n            <a class=\"image-lightbox lightbox-gallery\" href=\"https:\/\/pmfsteel.com.vn\/wp-content\/uploads\/logo-doi-tac-vnsteel-thang-long.jpg\" title=\"C\u00d4NG TY C\u1ed4 PH\u1ea6N T\u00d4N M\u1ea0 VNSTEEL TH\u0102NG LONG\">            <div class=\"box has-hover gallery-box box-none\">\n              <div class=\"box-image box-shadow-1\" >\n                <img loading=\"lazy\" decoding=\"async\" width=\"200\" height=\"130\" src=\"https:\/\/pmfsteel.com.vn\/wp-content\/uploads\/logo-doi-tac-vnsteel-thang-long.jpg\" class=\"wsu-gallery\" alt=\"C\u00d4NG TY C\u1ed4 PH\u1ea6N T\u00d4N M\u1ea0 VNSTEEL TH\u0102NG LONG\" ids=\"349,361,359,345,356,358,363,346,360,743,357,350,347,362,352,353\" style=\"none\" lightbox_image_size=\"original\" columns=\"5\" depth=\"1\" animate=\"fadeInUp\" image_size=\"original\" text_padding=\"5px 5px 5px 5px\" \/>                                                              <\/div>\n              <div class=\"box-text text-left\" style=\"padding:5px 5px 5px 5px;\">\n                 <p>C\u00d4NG TY C\u1ed4 PH\u1ea6N T\u00d4N M\u1ea0 VNSTEEL TH\u0102NG LONG<\/p>\n              <\/div>\n            <\/div>\n            <\/a>          <\/div>\n         <\/div><div class=\"gallery-col col\" data-animate=\"fadeInUp\">\n          <div class=\"col-inner\">\n            <a class=\"image-lightbox lightbox-gallery\" href=\"https:\/\/pmfsteel.com.vn\/wp-content\/uploads\/logo-doi-tac-co-khi-thep-smc.jpg\" title=\"C\u00d4NG TY TNHH MTV C\u01a0 KH\u00cd TH\u00c9P SMC\">            <div class=\"box has-hover gallery-box box-none\">\n              <div class=\"box-image box-shadow-1\" >\n                <img loading=\"lazy\" decoding=\"async\" width=\"200\" height=\"130\" src=\"https:\/\/pmfsteel.com.vn\/wp-content\/uploads\/logo-doi-tac-co-khi-thep-smc.jpg\" class=\"wsu-gallery\" alt=\"C\u00d4NG TY TNHH MTV C\u01a0 KH\u00cd TH\u00c9P SMC\" ids=\"349,361,359,345,356,358,363,346,360,743,357,350,347,362,352,353\" style=\"none\" lightbox_image_size=\"original\" columns=\"5\" depth=\"1\" animate=\"fadeInUp\" image_size=\"original\" text_padding=\"5px 5px 5px 5px\" \/>                                                              <\/div>\n              <div class=\"box-text text-left\" style=\"padding:5px 5px 5px 5px;\">\n                 <p>C\u00d4NG TY TNHH MTV C\u01a0 KH\u00cd TH\u00c9P SMC<\/p>\n              <\/div>\n            <\/div>\n            <\/a>          <\/div>\n         <\/div><div class=\"gallery-col col\" data-animate=\"fadeInUp\">\n          <div class=\"col-inner\">\n            <a class=\"image-lightbox lightbox-gallery\" href=\"https:\/\/pmfsteel.com.vn\/wp-content\/uploads\/logo-doi-tac-ton-tan-phuoc-khanh.jpg\" title=\"C\u00d4NG TY C\u1ed4 PH\u1ea6N TM V\u00c0 S\u1ea2N XU\u1ea4T T\u00d4N T\u00c2N PH\u01af\u1edaC KHANH\">            <div class=\"box has-hover gallery-box box-none\">\n              <div class=\"box-image box-shadow-1\" >\n                <img loading=\"lazy\" decoding=\"async\" width=\"200\" height=\"130\" src=\"https:\/\/pmfsteel.com.vn\/wp-content\/uploads\/logo-doi-tac-ton-tan-phuoc-khanh.jpg\" class=\"wsu-gallery\" alt=\"C\u00d4NG TY C\u1ed4 PH\u1ea6N TM V\u00c0 S\u1ea2N XU\u1ea4T T\u00d4N T\u00c2N PH\u01af\u1edaC KHANH\" ids=\"349,361,359,345,356,358,363,346,360,743,357,350,347,362,352,353\" style=\"none\" lightbox_image_size=\"original\" columns=\"5\" depth=\"1\" animate=\"fadeInUp\" image_size=\"original\" text_padding=\"5px 5px 5px 5px\" \/>                                                              <\/div>\n              <div class=\"box-text text-left\" style=\"padding:5px 5px 5px 5px;\">\n                 <p>C\u00d4NG TY C\u1ed4 PH\u1ea6N TM V\u00c0 S\u1ea2N XU\u1ea4T T\u00d4N T\u00c2N PH\u01af\u1edaC KHANH<\/p>\n              <\/div>\n            <\/div>\n            <\/a>          <\/div>\n         <\/div><div class=\"gallery-col col\" data-animate=\"fadeInUp\">\n          <div class=\"col-inner\">\n            <a class=\"image-lightbox lightbox-gallery\" href=\"https:\/\/pmfsteel.com.vn\/wp-content\/uploads\/logo-doi-tac-ton-dong-a.jpg\" title=\"C\u00d4NG TY C\u1ed4 PH\u1ea6N T\u00d4N \u0110\u00d4NG \u00c1\">            <div class=\"box has-hover gallery-box box-none\">\n              <div class=\"box-image box-shadow-1\" >\n                <img loading=\"lazy\" decoding=\"async\" width=\"200\" height=\"130\" src=\"https:\/\/pmfsteel.com.vn\/wp-content\/uploads\/logo-doi-tac-ton-dong-a.jpg\" class=\"wsu-gallery\" alt=\"\" ids=\"349,361,359,345,356,358,363,346,360,743,357,350,347,362,352,353\" style=\"none\" lightbox_image_size=\"original\" columns=\"5\" depth=\"1\" animate=\"fadeInUp\" image_size=\"original\" text_padding=\"5px 5px 5px 5px\" \/>                                                              <\/div>\n              <div class=\"box-text text-left\" style=\"padding:5px 5px 5px 5px;\">\n                 <p>C\u00d4NG TY C\u1ed4 PH\u1ea6N T\u00d4N \u0110\u00d4NG \u00c1<\/p>\n              <\/div>\n            <\/div>\n            <\/a>          <\/div>\n         <\/div><div class=\"gallery-col col\" data-animate=\"fadeInUp\">\n          <div class=\"col-inner\">\n            <a class=\"image-lightbox lightbox-gallery\" href=\"https:\/\/pmfsteel.com.vn\/wp-content\/uploads\/logo-doi-tac-thep-thong-nhat.jpg\" title=\"C\u00d4NG TY C\u1ed4 PH\u1ea6N TH\u00c9P TH\u1ed0NG NH\u1ea4T\">            <div class=\"box has-hover gallery-box box-none\">\n              <div class=\"box-image box-shadow-1\" >\n                <img loading=\"lazy\" decoding=\"async\" width=\"200\" height=\"130\" src=\"https:\/\/pmfsteel.com.vn\/wp-content\/uploads\/logo-doi-tac-thep-thong-nhat.jpg\" class=\"wsu-gallery\" alt=\"C\u00d4NG TY C\u1ed4 PH\u1ea6N TH\u00c9P TH\u1ed0NG NH\u1ea4T\" ids=\"349,361,359,345,356,358,363,346,360,743,357,350,347,362,352,353\" style=\"none\" lightbox_image_size=\"original\" columns=\"5\" depth=\"1\" animate=\"fadeInUp\" image_size=\"original\" text_padding=\"5px 5px 5px 5px\" \/>                                                              <\/div>\n              <div class=\"box-text text-left\" style=\"padding:5px 5px 5px 5px;\">\n                 <p>C\u00d4NG TY C\u1ed4 PH\u1ea6N TH\u00c9P TH\u1ed0NG NH\u1ea4T<\/p>\n              <\/div>\n            <\/div>\n            <\/a>          <\/div>\n         <\/div><div class=\"gallery-col col\" data-animate=\"fadeInUp\">\n          <div class=\"col-inner\">\n            <a class=\"image-lightbox lightbox-gallery\" href=\"https:\/\/pmfsteel.com.vn\/wp-content\/uploads\/logo-doi-tac-gsc.jpg\" title=\"GLOBAL STEEL COMPANY LIMITED\">            <div class=\"box has-hover gallery-box box-none\">\n              <div class=\"box-image box-shadow-1\" >\n                <img loading=\"lazy\" decoding=\"async\" width=\"200\" height=\"130\" src=\"https:\/\/pmfsteel.com.vn\/wp-content\/uploads\/logo-doi-tac-gsc.jpg\" class=\"wsu-gallery\" alt=\"GLOBAL STEEL COMPANY LIMITED\" ids=\"349,361,359,345,356,358,363,346,360,743,357,350,347,362,352,353\" style=\"none\" lightbox_image_size=\"original\" columns=\"5\" depth=\"1\" animate=\"fadeInUp\" image_size=\"original\" text_padding=\"5px 5px 5px 5px\" \/>                                                              <\/div>\n              <div class=\"box-text text-left\" style=\"padding:5px 5px 5px 5px;\">\n                 <p>GLOBAL STEEL COMPANY LIMITED<\/p>\n              <\/div>\n            <\/div>\n            <\/a>          <\/div>\n         <\/div><div class=\"gallery-col col\" data-animate=\"fadeInUp\">\n          <div class=\"col-inner\">\n            <a class=\"image-lightbox lightbox-gallery\" href=\"https:\/\/pmfsteel.com.vn\/wp-content\/uploads\/logo-doi-tac-cong-nghe-2t.jpg\" title=\"C\u00d4NG TY TNHH S\u1ea2N XU\u1ea4T TH\u01af\u01a0NG M\u1ea0I K\u1ef8 THU\u1eacT C\u00d4NG NGH\u1ec6 2T\">            <div class=\"box has-hover gallery-box box-none\">\n              <div class=\"box-image box-shadow-1\" >\n                <img loading=\"lazy\" decoding=\"async\" width=\"200\" height=\"130\" src=\"https:\/\/pmfsteel.com.vn\/wp-content\/uploads\/logo-doi-tac-cong-nghe-2t.jpg\" class=\"wsu-gallery\" alt=\"C\u00d4NG TY TNHH S\u1ea2N XU\u1ea4T TH\u01af\u01a0NG M\u1ea0I K\u1ef8 THU\u1eacT C\u00d4NG NGH\u1ec6 2T\" ids=\"349,361,359,345,356,358,363,346,360,743,357,350,347,362,352,353\" style=\"none\" lightbox_image_size=\"original\" columns=\"5\" depth=\"1\" animate=\"fadeInUp\" image_size=\"original\" text_padding=\"5px 5px 5px 5px\" \/>                                                              <\/div>\n              <div class=\"box-text text-left\" style=\"padding:5px 5px 5px 5px;\">\n                 <p>C\u00d4NG TY TNHH S\u1ea2N XU\u1ea4T TH\u01af\u01a0NG M\u1ea0I K\u1ef8 THU\u1eacT C\u00d4NG NGH\u1ec6 2T<\/p>\n              <\/div>\n            <\/div>\n            <\/a>          <\/div>\n         <\/div><div class=\"gallery-col col\" data-animate=\"fadeInUp\">\n          <div class=\"col-inner\">\n            <a class=\"image-lightbox lightbox-gallery\" href=\"https:\/\/pmfsteel.com.vn\/wp-content\/uploads\/logo-doi-tac-tovico.jpg\" title=\"C\u00d4NG TY TNHH T\u00d4N TR\u00c1NG K\u1ebcM VI\u1ec6T NAM TOVICO\">            <div class=\"box has-hover gallery-box box-none\">\n              <div class=\"box-image box-shadow-1\" >\n                <img loading=\"lazy\" decoding=\"async\" width=\"200\" height=\"130\" src=\"https:\/\/pmfsteel.com.vn\/wp-content\/uploads\/logo-doi-tac-tovico.jpg\" class=\"wsu-gallery\" alt=\"C\u00d4NG TY TNHH T\u00d4N TR\u00c1NG K\u1ebcM VI\u1ec6T NAM TOVICO\" ids=\"349,361,359,345,356,358,363,346,360,743,357,350,347,362,352,353\" style=\"none\" lightbox_image_size=\"original\" columns=\"5\" depth=\"1\" animate=\"fadeInUp\" image_size=\"original\" text_padding=\"5px 5px 5px 5px\" \/>                                                              <\/div>\n              <div class=\"box-text text-left\" style=\"padding:5px 5px 5px 5px;\">\n                 <p>C\u00d4NG TY TNHH T\u00d4N TR\u00c1NG K\u1ebcM VI\u1ec6T NAM TOVICO<\/p>\n              <\/div>\n            <\/div>\n            <\/a>          <\/div>\n         <\/div><div class=\"gallery-col col\" data-animate=\"fadeInUp\">\n          <div class=\"col-inner\">\n            <a class=\"image-lightbox lightbox-gallery\" href=\"https:\/\/pmfsteel.com.vn\/wp-content\/uploads\/logo-doi-tac-ong-thep-190.jpg\" title=\"C\u00d4NG TY TNHH \u1ed0NG TH\u00c9P 190\">            <div class=\"box has-hover gallery-box box-none\">\n              <div class=\"box-image box-shadow-1\" >\n                <img loading=\"lazy\" decoding=\"async\" width=\"200\" height=\"130\" src=\"https:\/\/pmfsteel.com.vn\/wp-content\/uploads\/logo-doi-tac-ong-thep-190.jpg\" class=\"wsu-gallery\" alt=\"C\u00d4NG TY TNHH \u1ed0NG TH\u00c9P 190\" ids=\"349,361,359,345,356,358,363,346,360,743,357,350,347,362,352,353\" style=\"none\" lightbox_image_size=\"original\" columns=\"5\" depth=\"1\" animate=\"fadeInUp\" image_size=\"original\" text_padding=\"5px 5px 5px 5px\" \/>                                                              <\/div>\n              <div class=\"box-text text-left\" style=\"padding:5px 5px 5px 5px;\">\n                 <p>C\u00d4NG TY TNHH \u1ed0NG TH\u00c9P 190<\/p>\n              <\/div>\n            <\/div>\n            <\/a>          <\/div>\n         <\/div><div class=\"gallery-col col\" data-animate=\"fadeInUp\">\n          <div class=\"col-inner\">\n            <a class=\"image-lightbox lightbox-gallery\" href=\"https:\/\/pmfsteel.com.vn\/wp-content\/uploads\/logo-doi-tac-sgc-sai-gon-steel.jpg\" title=\"C\u00d4NG TY TNHH GIA C\u00d4NG V\u00c0 D\u1ecaCH V\u1ee4 TH\u00c9P S\u00c0I G\u00d2N\">            <div class=\"box has-hover gallery-box box-none\">\n              <div class=\"box-image box-shadow-1\" >\n                <img loading=\"lazy\" decoding=\"async\" width=\"200\" height=\"130\" src=\"https:\/\/pmfsteel.com.vn\/wp-content\/uploads\/logo-doi-tac-sgc-sai-gon-steel.jpg\" class=\"wsu-gallery\" alt=\"C\u00d4NG TY TNHH GIA C\u00d4NG V\u00c0 D\u1ecaCH V\u1ee4 TH\u00c9P S\u00c0I G\u00d2N\" ids=\"349,361,359,345,356,358,363,346,360,743,357,350,347,362,352,353\" style=\"none\" lightbox_image_size=\"original\" columns=\"5\" depth=\"1\" animate=\"fadeInUp\" image_size=\"original\" text_padding=\"5px 5px 5px 5px\" \/>                                                              <\/div>\n              <div class=\"box-text text-left\" style=\"padding:5px 5px 5px 5px;\">\n                 <p>C\u00d4NG TY TNHH GIA C\u00d4NG V\u00c0 D\u1ecaCH V\u1ee4 TH\u00c9P S\u00c0I G\u00d2N<\/p>\n              <\/div>\n            <\/div>\n            <\/a>          <\/div>\n         <\/div><\/div>\n\t\t<\/div>\n\n\t\t\n<style>\n#section_444676487 {\n  padding-top: 30px;\n  padding-bottom: 30px;\n}\n<\/style>\n\t<\/section>\n\t\n","protected":false},"excerpt":{"rendered":"","protected":false},"author":1,"featured_media":0,"parent":0,"menu_order":0,"comment_status":"closed","ping_status":"closed","template":"page-blank.php","meta":{"_acf_changed":false,"footnotes":""},"class_list":["post-1001","page","type-page","status-publish","hentry"],"acf":[],"_links":{"self":[{"href":"https:\/\/pmfsteel.com.vn\/en\/wp-json\/wp\/v2\/pages\/1001","targetHints":{"allow":["GET"]}}],"collection":[{"href":"https:\/\/pmfsteel.com.vn\/en\/wp-json\/wp\/v2\/pages"}],"about":[{"href":"https:\/\/pmfsteel.com.vn\/en\/wp-json\/wp\/v2\/types\/page"}],"author":[{"embeddable":true,"href":"https:\/\/pmfsteel.com.vn\/en\/wp-json\/wp\/v2\/users\/1"}],"replies":[{"embeddable":true,"href":"https:\/\/pmfsteel.com.vn\/en\/wp-json\/wp\/v2\/comments?post=1001"}],"version-history":[{"count":0,"href":"https:\/\/pmfsteel.com.vn\/en\/wp-json\/wp\/v2\/pages\/1001\/revisions"}],"wp:attachment":[{"href":"https:\/\/pmfsteel.com.vn\/en\/wp-json\/wp\/v2\/media?parent=1001"}],"curies":[{"name":"wp","href":"https:\/\/api.w.org\/{rel}","templated":true}]}}